{"id":1534,"date":"2023-11-11T17:19:58","date_gmt":"2023-11-11T22:19:58","guid":{"rendered":"https:\/\/intiqahotel.com\/intiqa-new2\/?page_id=1534"},"modified":"2023-11-12T22:26:34","modified_gmt":"2023-11-13T03:26:34","slug":"terminos-y-condiciones","status":"publish","type":"page","link":"https:\/\/intiqahotel.com\/en\/terminos-y-condiciones\/","title":{"rendered":"Terminos y condiciones"},"content":{"rendered":"<h2 class=\"wp-block-heading\"><strong>T\u00e9rminos y Condiciones de Uso<\/strong><\/h2>\n\n\n\n<p><strong>INFORMACI\u00d3N RELEVANTE<\/strong><\/p>\n\n\n\n<p>Es requisito necesario para la adquisici\u00f3n de los productos que se ofrecen en este sitio, que lea y acepte los siguientes T\u00e9rminos y Condiciones que a continuaci\u00f3n se redactan. El uso de nuestros servicios as\u00ed como la compra de nuestros productos implicar\u00e1 que usted ha le\u00eddo y aceptado los T\u00e9rminos y Condiciones de Uso en el presente documento. Todas los productos &nbsp;que son ofrecidos por nuestro sitio web pudieran ser creadas, cobradas, enviadas o presentadas por una p\u00e1gina web tercera y en tal caso estar\u00edan sujetas a sus propios T\u00e9rminos y Condiciones. En algunos casos, para adquirir un producto, ser\u00e1 necesario el registro por parte del usuario, con ingreso de datos personales fidedignos y definici\u00f3n de una contrase\u00f1a.<\/p>\n\n\n\n<p>El usuario puede elegir y cambiar la clave para su acceso de administraci\u00f3n de la cuenta en cualquier momento, en caso de que se haya registrado y que sea necesario para la compra de alguno de nuestros productos. https:\/\/intiqahotel.com\/ no asume la responsabilidad en caso de que entregue dicha clave a terceros.<\/p>\n\n\n\n<p>Todas las compras y transacciones que se lleven a cabo por medio de este sitio web, est\u00e1n sujetas a un proceso de confirmaci\u00f3n y verificaci\u00f3n, el cual podr\u00eda incluir la verificaci\u00f3n del stock y disponibilidad de producto, validaci\u00f3n de la forma de pago, validaci\u00f3n de la factura (en caso de existir) y el cumplimiento de las condiciones requeridas por el medio de pago seleccionado. En algunos casos puede que se requiera una verificaci\u00f3n por medio de correo electr\u00f3nico.<\/p>\n\n\n\n<p>Los precios de los productos ofrecidos en esta Tienda Online es v\u00e1lido solamente en las compras realizadas en este sitio web.<\/p>\n\n\n\n<p><strong>LICENCIA<\/strong><\/p>\n\n\n\n<p>Intiqa Hotel&nbsp; a trav\u00e9s de su sitio web concede una licencia para que los usuarios utilicen&nbsp; los productos que son vendidos en este sitio web de acuerdo a los T\u00e9rminos y Condiciones que se describen en este documento.<\/p>\n\n\n\n<p><strong>PROPIEDAD<\/strong><\/p>\n\n\n\n<p>Usted no puede declarar propiedad intelectual o exclusiva a ninguno de nuestros productos, modificado o sin modificar. Todos los productos son propiedad &nbsp;de los proveedores del contenido. En caso de que no se especifique lo contrario, nuestros productos se proporcionan&nbsp; sin ning\u00fan tipo de garant\u00eda, expresa o impl\u00edcita. En ning\u00fan esta compa\u00f1\u00eda ser\u00e1 &nbsp;responsables de ning\u00fan da\u00f1o incluyendo, pero no limitado a, da\u00f1os directos, indirectos, especiales, fortuitos o consecuentes u otras p\u00e9rdidas resultantes del uso o de la imposibilidad de utilizar nuestros productos.<\/p>\n\n\n\n<p><strong>POL\u00cdTICA DE REEMBOLSO Y GARANT\u00cdA<\/strong><\/p>\n\n\n\n<p>En el caso de productos que sean&nbsp; mercanc\u00edas irrevocables no-tangibles, no realizamos reembolsos despu\u00e9s de que se env\u00ede el producto, usted tiene la responsabilidad de entender antes de comprarlo. &nbsp;Le pedimos que lea cuidadosamente antes de comprarlo. Hacemos solamente excepciones con esta regla cuando la descripci\u00f3n no se ajusta al producto. Hay algunos productos que pudieran tener garant\u00eda y posibilidad de reembolso pero este ser\u00e1 especificado al comprar el producto. En tales casos la garant\u00eda solo cubrir\u00e1 fallas de f\u00e1brica y s\u00f3lo se har\u00e1 efectiva cuando el producto se haya usado correctamente. La garant\u00eda no cubre aver\u00edas o da\u00f1os ocasionados por uso indebido. Los t\u00e9rminos de la garant\u00eda est\u00e1n asociados a fallas de fabricaci\u00f3n y funcionamiento en condiciones normales de los productos y s\u00f3lo se har\u00e1n efectivos estos t\u00e9rminos si el equipo ha sido usado correctamente. Esto incluye:<\/p>\n\n\n\n<p>\u2013 De acuerdo a las especificaciones t\u00e9cnicas indicadas para cada producto.<br>\u2013 En condiciones ambientales acorde con las especificaciones indicadas por el fabricante.<br>\u2013 En uso espec\u00edfico para la funci\u00f3n con que fue dise\u00f1ado de f\u00e1brica.<br>\u2013 En condiciones de operaci\u00f3n el\u00e9ctricas acorde con las especificaciones y tolerancias indicadas.<\/p>\n\n\n\n<p><strong>COMPROBACI\u00d3N ANTIFRAUDE<\/strong><\/p>\n\n\n\n<p>La compra del cliente puede ser aplazada para la comprobaci\u00f3n antifraude. Tambi\u00e9n puede ser suspendida por m\u00e1s tiempo para una investigaci\u00f3n m\u00e1s rigurosa, para evitar transacciones fraudulentas.<\/p>\n\n\n\n<p><strong>PRIVACIDAD<\/strong><\/p>\n\n\n\n<p>Este https:\/\/intiqahotel.com\/ garantiza que la informaci\u00f3n personal que usted env\u00eda cuenta con la seguridad necesaria. Los datos ingresados por usuario o en el caso de requerir una validaci\u00f3n de los pedidos no ser\u00e1n entregados a terceros, salvo que deba ser revelada en cumplimiento a una orden judicial o requerimientos legales.<\/p>\n\n\n\n<p>La suscripci\u00f3n a boletines de correos electr\u00f3nicos publicitarios es voluntaria y podr\u00eda ser seleccionada al momento de crear su cuenta.<\/p>\n\n\n\n<p>Intiqa Hotel reserva los derechos de cambiar o de modificar estos t\u00e9rminos sin previo aviso.<\/p>","protected":false},"excerpt":{"rendered":"<p>T\u00e9rminos y Condiciones de Uso INFORMACI\u00d3N RELEVANTE Es requisito necesario para la adquisici\u00f3n de los productos que se ofrecen en este sitio, que lea y acepte los siguientes T\u00e9rminos y Condiciones que a continuaci\u00f3n se redactan. El uso de nuestros servicios as\u00ed como la compra de nuestros productos implicar\u00e1 que usted ha le\u00eddo y aceptado &hellip;<\/p>\n<p class=\"read-more\"> <a class=\"\" href=\"https:\/\/intiqahotel.com\/en\/terminos-y-condiciones\/\"> <span class=\"screen-reader-text\">Terminos y condiciones<\/span> Read More \u00bb<\/a><\/p>","protected":false},"author":2,"featured_media":0,"parent":0,"menu_order":15,"comment_status":"closed","ping_status":"closed","template":"","meta":{"_mo_disable_npp":"","_uag_custom_page_level_css":"","site-sidebar-layout":"default","site-content-layout":"","ast-site-content-layout":"default","site-content-style":"default","site-sidebar-style":"default","ast-global-header-display":"","ast-banner-title-visibility":"","ast-main-header-display":"","ast-hfb-above-header-display":"","ast-hfb-below-header-display":"","ast-hfb-mobile-header-display":"","site-post-title":"disabled","ast-breadcrumbs-content":"","ast-featured-img":"","footer-sml-layout":"","theme-transparent-header-meta":"","adv-header-id-meta":"","stick-header-meta":"","header-above-stick-meta":"","header-main-stick-meta":"","header-below-stick-meta":"","astra-migrate-meta-layouts":"set","ast-page-background-enabled":"default","ast-page-background-meta":{"desktop":{"background-color":"","background-image":"","background-repeat":"repeat","background-position":"center center","background-size":"auto","background-attachment":"scroll","background-type":"","background-media":"","overlay-type":"","overlay-color":"","overlay-gradient":""},"tablet":{"background-color":"","background-image":"","background-repeat":"repeat","background-position":"center center","background-size":"auto","background-attachment":"scroll","background-type":"","background-media":"","overlay-type":"","overlay-color":"","overlay-gradient":""},"mobile":{"background-color":"","background-image":"","background-repeat":"repeat","background-position":"center center","background-size":"auto","background-attachment":"scroll","background-type":"","background-media":"","overlay-type":"","overlay-color":"","overlay-gradient":""}},"ast-content-background-meta":{"desktop":{"background-color":"var(--ast-global-color-5)","background-image":"","background-repeat":"repeat","background-position":"center center","background-size":"auto","background-attachment":"scroll","background-type":"","background-media":"","overlay-type":"","overlay-color":"","overlay-gradient":""},"tablet":{"background-color":"var(--ast-global-color-5)","background-image":"","background-repeat":"repeat","background-position":"center center","background-size":"auto","background-attachment":"scroll","background-type":"","background-media":"","overlay-type":"","overlay-color":"","overlay-gradient":""},"mobile":{"background-color":"var(--ast-global-color-5)","background-image":"","background-repeat":"repeat","background-position":"center center","background-size":"auto","background-attachment":"scroll","background-type":"","background-media":"","overlay-type":"","overlay-color":"","overlay-gradient":""}},"footnotes":""},"spectra_custom_meta":{"_edit_lock":["1699846092:2"],"_uag_custom_page_level_css":[""],"ast-site-content-layout":["default"],"theme-transparent-header-meta":[""],"adv-header-id-meta":[""],"stick-header-meta":[""],"astra-migrate-meta-layouts":["set"],"footnotes":[""],"_joinchat":["a:0:{}"],"_oembed_ab4f697845d79abbbc5880d4b05a340d":["<blockquote class=\"wp-embedded-content\" data-secret=\"L7qjXoO9ye\"><a href=\"https:\/\/intiqahotel.com\/\">INICIO<\/a><\/blockquote><iframe class=\"wp-embedded-content\" sandbox=\"allow-scripts\" security=\"restricted\" style=\"position: absolute; clip: rect(1px, 1px, 1px, 1px);\" title=\"\u00abINICIO\u00bb \u2014 INTIQA HOTEL\" src=\"https:\/\/intiqahotel.com\/embed\/#?secret=hDr4UFtlsI#?secret=L7qjXoO9ye\" data-secret=\"L7qjXoO9ye\" width=\"500\" height=\"282\" frameborder=\"0\" marginwidth=\"0\" marginheight=\"0\" scrolling=\"no\"><\/iframe>"],"_oembed_time_ab4f697845d79abbbc5880d4b05a340d":["1699845386"],"site-post-title":["disabled"],"_edit_last":["2"],"_uag_page_assets":["a:9:{s:3:\"css\";s:263:\".uag-blocks-common-selector{z-index:var(--z-index-desktop) !important}@media (max-width: 976px){.uag-blocks-common-selector{z-index:var(--z-index-tablet) !important}}@media (max-width: 767px){.uag-blocks-common-selector{z-index:var(--z-index-mobile) !important}}\n\";s:2:\"js\";s:0:\"\";s:18:\"current_block_list\";a:12:{i:0;s:12:\"core\/heading\";i:1;s:14:\"core\/paragraph\";i:2;s:11:\"core\/search\";i:3;s:10:\"core\/group\";i:4;s:17:\"core\/latest-posts\";i:5;s:20:\"core\/latest-comments\";i:6;s:13:\"core\/archives\";i:7;s:15:\"core\/categories\";i:8;s:9:\"core\/list\";i:9;s:14:\"core\/list-item\";i:10;s:10:\"core\/image\";i:11;s:14:\"core\/page-list\";}s:8:\"uag_flag\";b:0;s:11:\"uag_version\";s:10:\"1778379598\";s:6:\"gfonts\";a:0:{}s:10:\"gfonts_url\";s:0:\"\";s:12:\"gfonts_files\";a:0:{}s:14:\"uag_faq_layout\";b:0;}"],"_uag_css_file_name":["uag-css-1534.css"]},"uagb_featured_image_src":{"full":false,"thumbnail":false,"medium":false,"medium_large":false,"large":false,"1536x1536":false,"2048x2048":false,"trp-custom-language-flag":false},"uagb_author_info":{"display_name":"Administraci\u00f3n Intiqa","author_link":"https:\/\/intiqahotel.com\/en\/author\/admintiqa\/"},"uagb_comment_info":0,"uagb_excerpt":"T\u00e9rminos y Condiciones de Uso INFORMACI\u00d3N RELEVANTE Es requisito necesario para la adquisici\u00f3n de los productos que se ofrecen en este sitio, que lea y acepte los siguientes T\u00e9rminos y Condiciones que a continuaci\u00f3n se redactan. El uso de nuestros servicios as\u00ed como la compra de nuestros productos implicar\u00e1 que usted ha le\u00eddo y aceptado&hellip;","_links":{"self":[{"href":"https:\/\/intiqahotel.com\/en\/wp-json\/wp\/v2\/pages\/1534"}],"collection":[{"href":"https:\/\/intiqahotel.com\/en\/wp-json\/wp\/v2\/pages"}],"about":[{"href":"https:\/\/intiqahotel.com\/en\/wp-json\/wp\/v2\/types\/page"}],"author":[{"embeddable":true,"href":"https:\/\/intiqahotel.com\/en\/wp-json\/wp\/v2\/users\/2"}],"replies":[{"embeddable":true,"href":"https:\/\/intiqahotel.com\/en\/wp-json\/wp\/v2\/comments?post=1534"}],"version-history":[{"count":0,"href":"https:\/\/intiqahotel.com\/en\/wp-json\/wp\/v2\/pages\/1534\/revisions"}],"wp:attachment":[{"href":"https:\/\/intiqahotel.com\/en\/wp-json\/wp\/v2\/media?parent=1534"}],"curies":[{"name":"wp","href":"https:\/\/api.w.org\/{rel}","templated":true}]}}