{"id":126,"date":"2022-10-12T20:59:03","date_gmt":"2022-10-12T20:59:03","guid":{"rendered":"https:\/\/intiqahotel.com\/?page_id=126"},"modified":"2023-11-12T22:11:46","modified_gmt":"2023-11-13T03:11:46","slug":"aviso-de-privacidad","status":"publish","type":"page","link":"https:\/\/intiqahotel.com\/en\/aviso-de-privacidad\/","title":{"rendered":"Aviso de Privacidad"},"content":{"rendered":"<p>De conformidad con lo dispuesto en la Ley N\u00b0 29733 \u2013 Ley de Protecci\u00f3n de Datos Personales y su Reglamento aprobado mediante Decreto Supremo N\u00b0 003-2013-JUS, Intiqa Hotel E.I.R.L. cumple con hacer de conocimiento al titular de los datos personales sobre la Pol\u00edtica de Privacidad, en el manejo de los datos personales, recopilaci\u00f3n, finalidad, tratamiento entre otros, todo ello de conformidad con lo establecido en el art\u00edculo 18 de la precitada Ley.<\/p>\n<p>Al brindar sus datos personales www.intiqahotel.com, el titular de los datos personales, acepta conocer y estar de acuerdo con los tratamiento que se da a dichos datos.<\/p>\n<p>\u00a0<\/p>\n<div class=\"mg-sec-title\">\n<h2>Bancos de datos y titularidad<\/h2>\n<\/div>\n<p>Los datos personales son almacenados en la Base de Datos denominada \u201cUsuarios Sitio Web\u201d de titularidad de Intiqa E.I.R.L., que tiene como domicilio legal el ubicado en Jr. Tarapac\u00e1 N\u00b0 272, Ciudad de Puno. As\u00ed mismo, ponemos en conocimiento de los titulares de los datos personales, que los datos son almacenados en los servidores de la empresa GoDaddy.com, quien brinda el servicio de hosting de la presente p\u00e1gina web y que tiene como domicilio el ubicado en Hayden road 14455 N, Scottsdale \u2013 Arizona, Estados Unidos de Am\u00e9rica, por lo que existe un flujo transfronterizo de los datos.<\/p>\n<p>\u00a0<\/p>\n<div class=\"mg-sec-title\">\n<h2>Informaci\u00f3n que se recopila y finalidad:<\/h2>\n<\/div>\n<p>Los datos personales son utilizados para procesar, confirmar, cumplir y proveer los servicios y\/o productos adquiridos, directamente y\/o con la participaci\u00f3n de terceros proveedores de productos o servicios, realizar transacciones mediante entidades bancarias en caso de No Show (no habitabilidad), y, para fines administrativos internos y\/o comerciales tales como, investigaci\u00f3n de mercados, auditor\u00edas, reportes contables, an\u00e1lisis estad\u00edsticos, facturaci\u00f3n, mejoras del sitio web, optimizaci\u00f3n de nuestros servicios y para el cumplimiento de obligaciones legales establecidos por las leyes peruanas. Estos datos son:<\/p>\n<ul>\n<li>Informaci\u00f3n de contacto (Nombre y correo electr\u00f3nico).<\/li>\n<li>Informaci\u00f3n de pago [N\u00famero de tarjeta de pago, fecha de caducidad, CVC (para garantizar su reserva)]<\/li>\n<li>Informaci\u00f3n demogr\u00e1fica (Nacionalidad)<\/li>\n<li>Informaci\u00f3n relacionada con su reserva (Fecha de llegada y salida, otros servicios)<\/li>\n<li>Informaci\u00f3n necesaria para satisfacer sus solicitudes especiales (Restricciones en alimentaci\u00f3n y otros)<\/li>\n<\/ul>\n<p>Toda esta informaci\u00f3n es necesaria para cumplir con realizar la reserva, brindarle el servicio y realizar el cobro del mismo en caso de No Show.<\/p>\n<p>Por su parte, cuando el titular de derechos utiliza o interact\u00faa en el sitio web de la empresa o utiliza cualquiera de las aplicaciones que se facilita, se recibe y almacena dicha informaci\u00f3n generada a trav\u00e9s de los medios telem\u00e1ticos de la empresa.<\/p>\n<p>\u00a0<\/p>\n<div class=\"mg-sec-title\">\n<h2>Menores de edad<\/h2>\n<\/div>\n<p>Intiqa Hotel E.I.R.L, puede recopilar informaci\u00f3n de identificaci\u00f3n personal de cualquier persona menor de 18 a\u00f1os como parte del Proceso de Registro de hu\u00e9spedes, previa autorizaci\u00f3n y consentimiento de sus progenitores o el tutor legal.<\/p>\n<p>\u00a0<\/p>\n<div class=\"mg-sec-title\">\n<h2>Confidencialidad y seguridad de datos<\/h2>\n<\/div>\n<p>Intiqa Hotel E.I.R.L cumple con implementar medidas de seguridad, protecciones administrativas y t\u00e9cnicas a fin de guardar y preservar la informaci\u00f3n personal del titular de datos, sobre todo para evitar un acceso indebido, adquisici\u00f3n, divulgaci\u00f3n, destrucci\u00f3n o alteraci\u00f3n no autorizados, p\u00e9rdida accidental, el uso incorrecto o cualquier otro da\u00f1o que podr\u00eda presentarse.<\/p>\n<p>Intiqa Hotel E.I.R.L., \u00fanicamente, transferir\u00e1 los datos personales con el consentimiento de su titular, salvo que sean requeridos por autoridades policiales, fiscales o judiciales, u otra entidad estatal que cuente con dichas facultades.<\/p>\n<p>\u00a0<\/p>\n<div class=\"mg-sec-title\">\n<h2>Tiempo de conservaci\u00f3n:<\/h2>\n<\/div>\n<p>Intiqa Hotel E.I.R.L. conservar\u00e1 la informaci\u00f3n durante un plazo de 02 a\u00f1os, contados a partir de la \u00faltima fecha de tratamiento o, en su defecto, el plazo establecido por reg\u00edmenes legales de la SUNAT. Cuando se cumpla el plazo antes descrito, los datos ser\u00e1n destruidos de forma digital y\/o f\u00edsica, dando cuenta a la autoridad que corresponda y de ser el caso.<\/p>\n<p>\u00a0<\/p>\n<div class=\"mg-sec-title\">\n<h2>Uso de cookies<\/h2>\n<\/div>\n<p>Intiqa Hotel E.I.R.L., utiliza cookies del navegador o web beacons (contadores de visitas), para recopilar informaci\u00f3n sobre los usuarios a lo largo del tiempo, y hacer m\u00e1s segura su navegaci\u00f3n y conocer sus preferencias y as\u00ed ofrecerle informaci\u00f3n de su inter\u00e9s.<\/p>\n<p>\u00a0<\/p>\n<div class=\"mg-sec-title\">\n<h2>Derechos de los titulares del dato personal<\/h2>\n<\/div>\n<p>Los Titulares de los Datos Personales podr\u00e1n en cualquier momento solicitar conocer que informaci\u00f3n de ellos se conserva, as\u00ed como solicitar la actualizaci\u00f3n, inclusi\u00f3n, rectificaci\u00f3n, ratificaci\u00f3n o supresi\u00f3n de dicha informaci\u00f3n. As\u00ed tambi\u00e9n, podr\u00e1n revocar la autorizaci\u00f3n otorgada.<\/p>\n<p>Adem\u00e1s, podr\u00e1 ejercer cualquier derecho que le habilite la Ley N\u00b0 29733 \u2013 Ley de Protecci\u00f3n de Datos Personales y su Reglamento aprobado mediante Decreto Supremo N\u00b0 003-2013-JUS, para lo cual deber\u00e1 dirigir comunicaci\u00f3n a Intiqa Hotel E.I.R.L., que tiene como domicilio legal el ubicado en Jr. Tarapac\u00e1 N\u00b0 272, Ciudad de Puno.<\/p>\n\n\n<p><\/p>","protected":false},"excerpt":{"rendered":"<p>De conformidad con lo dispuesto en la Ley N\u00b0 29733 \u2013 Ley de Protecci\u00f3n de Datos Personales y su Reglamento aprobado mediante Decreto Supremo N\u00b0 003-2013-JUS, Intiqa Hotel E.I.R.L. cumple con hacer de conocimiento al titular de los datos personales sobre la Pol\u00edtica de Privacidad, en el manejo de los datos personales, recopilaci\u00f3n, finalidad, tratamiento &hellip;<\/p>\n<p class=\"read-more\"> <a class=\"\" href=\"https:\/\/intiqahotel.com\/en\/aviso-de-privacidad\/\"> <span class=\"screen-reader-text\">Aviso de Privacidad<\/span> Read More \u00bb<\/a><\/p>","protected":false},"author":1,"featured_media":0,"parent":0,"menu_order":14,"comment_status":"closed","ping_status":"closed","template":"","meta":{"_mo_disable_npp":"","_uag_custom_page_level_css":"","site-sidebar-layout":"default","site-content-layout":"","ast-site-content-layout":"default","site-content-style":"default","site-sidebar-style":"default","ast-global-header-display":"","ast-banner-title-visibility":"","ast-main-header-display":"","ast-hfb-above-header-display":"","ast-hfb-below-header-display":"","ast-hfb-mobile-header-display":"","site-post-title":"","ast-breadcrumbs-content":"","ast-featured-img":"","footer-sml-layout":"","theme-transparent-header-meta":"","adv-header-id-meta":"","stick-header-meta":"","header-above-stick-meta":"","header-main-stick-meta":"","header-below-stick-meta":"","astra-migrate-meta-layouts":"set","ast-page-background-enabled":"default","ast-page-background-meta":{"desktop":{"background-color":"","background-image":"","background-repeat":"repeat","background-position":"center center","background-size":"auto","background-attachment":"scroll","background-type":"","background-media":"","overlay-type":"","overlay-color":"","overlay-gradient":""},"tablet":{"background-color":"","background-image":"","background-repeat":"repeat","background-position":"center center","background-size":"auto","background-attachment":"scroll","background-type":"","background-media":"","overlay-type":"","overlay-color":"","overlay-gradient":""},"mobile":{"background-color":"","background-image":"","background-repeat":"repeat","background-position":"center center","background-size":"auto","background-attachment":"scroll","background-type":"","background-media":"","overlay-type":"","overlay-color":"","overlay-gradient":""}},"ast-content-background-meta":{"desktop":{"background-color":"var(--ast-global-color-5)","background-image":"","background-repeat":"repeat","background-position":"center center","background-size":"auto","background-attachment":"scroll","background-type":"","background-media":"","overlay-type":"","overlay-color":"","overlay-gradient":""},"tablet":{"background-color":"var(--ast-global-color-5)","background-image":"","background-repeat":"repeat","background-position":"center center","background-size":"auto","background-attachment":"scroll","background-type":"","background-media":"","overlay-type":"","overlay-color":"","overlay-gradient":""},"mobile":{"background-color":"var(--ast-global-color-5)","background-image":"","background-repeat":"repeat","background-position":"center center","background-size":"auto","background-attachment":"scroll","background-type":"","background-media":"","overlay-type":"","overlay-color":"","overlay-gradient":""}},"footnotes":""},"spectra_custom_meta":{"_edit_last":["2"],"_edit_lock":["1699845107:2"],"_wp_page_template":["default"],"_uag_custom_page_level_css":[""],"ast-site-content-layout":["default"],"theme-transparent-header-meta":[""],"adv-header-id-meta":[""],"stick-header-meta":[""],"astra-migrate-meta-layouts":["set"],"footnotes":[""],"_uag_page_assets":["a:9:{s:3:\"css\";s:263:\".uag-blocks-common-selector{z-index:var(--z-index-desktop) !important}@media (max-width: 976px){.uag-blocks-common-selector{z-index:var(--z-index-tablet) !important}}@media (max-width: 767px){.uag-blocks-common-selector{z-index:var(--z-index-mobile) !important}}\n\";s:2:\"js\";s:0:\"\";s:18:\"current_block_list\";a:12:{i:0;s:14:\"core\/paragraph\";i:1;s:11:\"core\/search\";i:2;s:10:\"core\/group\";i:3;s:12:\"core\/heading\";i:4;s:17:\"core\/latest-posts\";i:5;s:20:\"core\/latest-comments\";i:6;s:13:\"core\/archives\";i:7;s:15:\"core\/categories\";i:8;s:9:\"core\/list\";i:9;s:14:\"core\/list-item\";i:10;s:10:\"core\/image\";i:11;s:14:\"core\/page-list\";}s:8:\"uag_flag\";b:0;s:11:\"uag_version\";s:10:\"1778379598\";s:6:\"gfonts\";a:0:{}s:10:\"gfonts_url\";s:0:\"\";s:12:\"gfonts_files\";a:0:{}s:14:\"uag_faq_layout\";b:0;}"],"_uag_css_file_name":["uag-css-126.css"]},"uagb_featured_image_src":{"full":false,"thumbnail":false,"medium":false,"medium_large":false,"large":false,"1536x1536":false,"2048x2048":false,"trp-custom-language-flag":false},"uagb_author_info":{"display_name":"admin","author_link":"https:\/\/intiqahotel.com\/en\/author\/admin\/"},"uagb_comment_info":0,"uagb_excerpt":"De conformidad con lo dispuesto en la Ley N\u00b0 29733 \u2013 Ley de Protecci\u00f3n de Datos Personales y su Reglamento aprobado mediante Decreto Supremo N\u00b0 003-2013-JUS, Intiqa Hotel E.I.R.L. cumple con hacer de conocimiento al titular de los datos personales sobre la Pol\u00edtica de Privacidad, en el manejo de los datos personales, recopilaci\u00f3n, finalidad, tratamiento&hellip;","_links":{"self":[{"href":"https:\/\/intiqahotel.com\/en\/wp-json\/wp\/v2\/pages\/126"}],"collection":[{"href":"https:\/\/intiqahotel.com\/en\/wp-json\/wp\/v2\/pages"}],"about":[{"href":"https:\/\/intiqahotel.com\/en\/wp-json\/wp\/v2\/types\/page"}],"author":[{"embeddable":true,"href":"https:\/\/intiqahotel.com\/en\/wp-json\/wp\/v2\/users\/1"}],"replies":[{"embeddable":true,"href":"https:\/\/intiqahotel.com\/en\/wp-json\/wp\/v2\/comments?post=126"}],"version-history":[{"count":0,"href":"https:\/\/intiqahotel.com\/en\/wp-json\/wp\/v2\/pages\/126\/revisions"}],"wp:attachment":[{"href":"https:\/\/intiqahotel.com\/en\/wp-json\/wp\/v2\/media?parent=126"}],"curies":[{"name":"wp","href":"https:\/\/api.w.org\/{rel}","templated":true}]}}